{"id":1133,"date":"2026-01-18T21:53:41","date_gmt":"2026-01-18T21:53:41","guid":{"rendered":"https:\/\/ocean-re.web1-webheads.temporarywebsiteaddress.com\/politica-de-cookies\/"},"modified":"2026-02-03T15:27:29","modified_gmt":"2026-02-03T15:27:29","slug":"politica-de-cookies","status":"publish","type":"page","link":"https:\/\/www.ocean-re.com\/es\/politica-de-cookies\/","title":{"rendered":"Pol\u00edtica de cookies"},"content":{"rendered":"<p class=\"feature_txt\">Nuestros sitios web utilizan cookies para distinguirle de otros usuarios. Esto nos ayuda a proporcionarle una buena experiencia cuando navega por nuestro sitio web y nos permite mejorar nuestros sitios web. <\/p>\n<p><strong>Ocean International Reinsurance Company Limited<\/strong><\/p>\n<p>Este sitio web utiliza cookies y tecnolog\u00edas similares para garantizar la funcionalidad adecuada y para comprender c\u00f3mo se utiliza el sitio.<\/p>\n<p><strong>\u00bfQu\u00e9 son las cookies?<\/strong><\/p>\n<p>Las cookies son peque\u00f1os archivos de texto que se colocan en su dispositivo cuando visita un sitio web. Ayudan a los sitios web a funcionar de manera eficiente y proporcionan informaci\u00f3n a los operadores del sitio. <\/p>\n<p><strong>Cookies que utilizamos<\/strong><\/p>\n<p>Este sitio web puede utilizar las siguientes categor\u00edas de cookies:<\/p>\n<p><strong>Cookies estrictamente necesarias<\/strong><\/p>\n<p>Requeridas para el funcionamiento y la seguridad del sitio web. Estas cookies no se pueden desactivar. <\/p>\n<p><strong>Cookies anal\u00edticas<\/strong><\/p>\n<p>Se utilizan para comprender el uso del sitio web y mejorar el rendimiento. Estas cookies se implementan solo cuando se proporciona el consentimiento, cuando lo exige la ley. <\/p>\n<p>No se utilizan cookies de publicidad ni de creaci\u00f3n de perfiles.<\/p>\n<p><strong>Gesti\u00f3n de cookies<\/strong><\/p>\n<p>Cuando lo exige la ley, las cookies no esenciales se utilizan solo despu\u00e9s de obtener el consentimiento. Los usuarios pueden retirar el consentimiento o gestionar las preferencias de cookies en cualquier momento a trav\u00e9s de las herramientas de gesti\u00f3n de cookies del sitio web o la configuraci\u00f3n del navegador. <\/p>\n<p><strong>Cookies de terceros<\/strong><\/p>\n<p>Algunas cookies pueden ser establecidas por proveedores de servicios de terceros de confianza, como las plataformas de an\u00e1lisis. Estos proveedores deben cumplir con las normas de protecci\u00f3n de datos aplicables. <\/p>\n<p><strong>Actualizaciones<\/strong><\/p>\n<p>Esta Pol\u00edtica de cookies puede actualizarse peri\u00f3dicamente para reflejar cambios normativos u operativos.<\/p>\n<p>&nbsp;<\/p>\n","protected":false},"excerpt":{"rendered":"<p>Nuestros sitios web utilizan cookies para distinguirle de otros usuarios. Esto nos ayuda a proporcionarle una buena experiencia cuando navega por nuestro sitio web y nos permite mejorar nuestros sitios web. Ocean International Reinsurance Company Limited Este sitio web utiliza&#8230; <a class=\"view-article\" href=\"https:\/\/www.ocean-re.com\/es\/politica-de-cookies\/\">Read more<\/a><\/p>\n","protected":false},"author":1,"featured_media":0,"parent":0,"menu_order":99998,"comment_status":"closed","ping_status":"closed","template":"","meta":{"_acf_changed":false,"footnotes":""},"class_list":["post-1133","page","type-page","status-publish","hentry"],"acf":[],"yoast_head":"<!-- This site is optimized with the Yoast SEO plugin v27.6 - https:\/\/yoast.com\/product\/yoast-seo-wordpress\/ -->\n<title>Pol\u00edtica de cookies - Ocean RE<\/title>\n<meta name=\"robots\" content=\"index, follow, max-snippet:-1, max-image-preview:large, max-video-preview:-1\" \/>\n<link rel=\"canonical\" href=\"https:\/\/www.ocean-re.com\/es\/politica-de-cookies\/\" \/>\n<meta property=\"og:locale\" content=\"es_ES\" \/>\n<meta property=\"og:type\" content=\"article\" \/>\n<meta property=\"og:title\" content=\"Pol\u00edtica de cookies - Ocean RE\" \/>\n<meta property=\"og:description\" content=\"Nuestros sitios web utilizan cookies para distinguirle de otros usuarios. Esto nos ayuda a proporcionarle una buena experiencia cuando navega por nuestro sitio web y nos permite mejorar nuestros sitios web. Ocean International Reinsurance Company Limited Este sitio web utiliza... Read more\" \/>\n<meta property=\"og:url\" content=\"https:\/\/www.ocean-re.com\/es\/politica-de-cookies\/\" \/>\n<meta property=\"og:site_name\" content=\"Ocean RE\" \/>\n<meta property=\"article:modified_time\" content=\"2026-02-03T15:27:29+00:00\" \/>\n<meta name=\"twitter:card\" content=\"summary_large_image\" \/>\n<meta name=\"twitter:label1\" content=\"Tiempo de lectura\" \/>\n\t<meta name=\"twitter:data1\" content=\"1 minuto\" \/>\n<script type=\"application\/ld+json\" class=\"yoast-schema-graph\">{\"@context\":\"https:\\\/\\\/schema.org\",\"@graph\":[{\"@type\":\"WebPage\",\"@id\":\"https:\\\/\\\/www.ocean-re.com\\\/es\\\/politica-de-cookies\\\/\",\"url\":\"https:\\\/\\\/www.ocean-re.com\\\/es\\\/politica-de-cookies\\\/\",\"name\":\"Pol\u00edtica de cookies - Ocean RE\",\"isPartOf\":{\"@id\":\"https:\\\/\\\/www.ocean-re.com\\\/es\\\/#website\"},\"datePublished\":\"2026-01-18T21:53:41+00:00\",\"dateModified\":\"2026-02-03T15:27:29+00:00\",\"breadcrumb\":{\"@id\":\"https:\\\/\\\/www.ocean-re.com\\\/es\\\/politica-de-cookies\\\/#breadcrumb\"},\"inLanguage\":\"es\",\"potentialAction\":[{\"@type\":\"ReadAction\",\"target\":[\"https:\\\/\\\/www.ocean-re.com\\\/es\\\/politica-de-cookies\\\/\"]}]},{\"@type\":\"BreadcrumbList\",\"@id\":\"https:\\\/\\\/www.ocean-re.com\\\/es\\\/politica-de-cookies\\\/#breadcrumb\",\"itemListElement\":[{\"@type\":\"ListItem\",\"position\":1,\"name\":\"Home\",\"item\":\"https:\\\/\\\/www.ocean-re.com\\\/es\\\/\"},{\"@type\":\"ListItem\",\"position\":2,\"name\":\"Pol\u00edtica de cookies\"}]},{\"@type\":\"WebSite\",\"@id\":\"https:\\\/\\\/www.ocean-re.com\\\/es\\\/#website\",\"url\":\"https:\\\/\\\/www.ocean-re.com\\\/es\\\/\",\"name\":\"Ocean RE\",\"description\":\"\",\"potentialAction\":[{\"@type\":\"SearchAction\",\"target\":{\"@type\":\"EntryPoint\",\"urlTemplate\":\"https:\\\/\\\/www.ocean-re.com\\\/es\\\/?s={search_term_string}\"},\"query-input\":{\"@type\":\"PropertyValueSpecification\",\"valueRequired\":true,\"valueName\":\"search_term_string\"}}],\"inLanguage\":\"es\"}]}<\/script>\n<!-- \/ Yoast SEO plugin. -->","yoast_head_json":{"title":"Pol\u00edtica de cookies - Ocean RE","robots":{"index":"index","follow":"follow","max-snippet":"max-snippet:-1","max-image-preview":"max-image-preview:large","max-video-preview":"max-video-preview:-1"},"canonical":"https:\/\/www.ocean-re.com\/es\/politica-de-cookies\/","og_locale":"es_ES","og_type":"article","og_title":"Pol\u00edtica de cookies - Ocean RE","og_description":"Nuestros sitios web utilizan cookies para distinguirle de otros usuarios. Esto nos ayuda a proporcionarle una buena experiencia cuando navega por nuestro sitio web y nos permite mejorar nuestros sitios web. Ocean International Reinsurance Company Limited Este sitio web utiliza... Read more","og_url":"https:\/\/www.ocean-re.com\/es\/politica-de-cookies\/","og_site_name":"Ocean RE","article_modified_time":"2026-02-03T15:27:29+00:00","twitter_card":"summary_large_image","twitter_misc":{"Tiempo de lectura":"1 minuto"},"schema":{"@context":"https:\/\/schema.org","@graph":[{"@type":"WebPage","@id":"https:\/\/www.ocean-re.com\/es\/politica-de-cookies\/","url":"https:\/\/www.ocean-re.com\/es\/politica-de-cookies\/","name":"Pol\u00edtica de cookies - Ocean RE","isPartOf":{"@id":"https:\/\/www.ocean-re.com\/es\/#website"},"datePublished":"2026-01-18T21:53:41+00:00","dateModified":"2026-02-03T15:27:29+00:00","breadcrumb":{"@id":"https:\/\/www.ocean-re.com\/es\/politica-de-cookies\/#breadcrumb"},"inLanguage":"es","potentialAction":[{"@type":"ReadAction","target":["https:\/\/www.ocean-re.com\/es\/politica-de-cookies\/"]}]},{"@type":"BreadcrumbList","@id":"https:\/\/www.ocean-re.com\/es\/politica-de-cookies\/#breadcrumb","itemListElement":[{"@type":"ListItem","position":1,"name":"Home","item":"https:\/\/www.ocean-re.com\/es\/"},{"@type":"ListItem","position":2,"name":"Pol\u00edtica de cookies"}]},{"@type":"WebSite","@id":"https:\/\/www.ocean-re.com\/es\/#website","url":"https:\/\/www.ocean-re.com\/es\/","name":"Ocean RE","description":"","potentialAction":[{"@type":"SearchAction","target":{"@type":"EntryPoint","urlTemplate":"https:\/\/www.ocean-re.com\/es\/?s={search_term_string}"},"query-input":{"@type":"PropertyValueSpecification","valueRequired":true,"valueName":"search_term_string"}}],"inLanguage":"es"}]}},"_links":{"self":[{"href":"https:\/\/www.ocean-re.com\/es\/wp-json\/wp\/v2\/pages\/1133","targetHints":{"allow":["GET"]}}],"collection":[{"href":"https:\/\/www.ocean-re.com\/es\/wp-json\/wp\/v2\/pages"}],"about":[{"href":"https:\/\/www.ocean-re.com\/es\/wp-json\/wp\/v2\/types\/page"}],"author":[{"embeddable":true,"href":"https:\/\/www.ocean-re.com\/es\/wp-json\/wp\/v2\/users\/1"}],"replies":[{"embeddable":true,"href":"https:\/\/www.ocean-re.com\/es\/wp-json\/wp\/v2\/comments?post=1133"}],"version-history":[{"count":1,"href":"https:\/\/www.ocean-re.com\/es\/wp-json\/wp\/v2\/pages\/1133\/revisions"}],"predecessor-version":[{"id":2053,"href":"https:\/\/www.ocean-re.com\/es\/wp-json\/wp\/v2\/pages\/1133\/revisions\/2053"}],"wp:attachment":[{"href":"https:\/\/www.ocean-re.com\/es\/wp-json\/wp\/v2\/media?parent=1133"}],"curies":[{"name":"wp","href":"https:\/\/api.w.org\/{rel}","templated":true}]}}