{"id":1683,"date":"2026-01-18T21:53:41","date_gmt":"2026-01-18T21:53:41","guid":{"rendered":"https:\/\/ocean-re.web1-webheads.temporarywebsiteaddress.com\/politique-en-matiere-de-cookies\/"},"modified":"2026-02-16T12:07:28","modified_gmt":"2026-02-16T12:07:28","slug":"politique-en-matiere-de-cookies","status":"publish","type":"page","link":"https:\/\/www.ocean-re.com\/fr\/politique-en-matiere-de-cookies\/","title":{"rendered":"Politique en mati\u00e8re de cookies"},"content":{"rendered":"<p class=\"feature_txt\">Nos sites web utilisent des cookies pour vous distinguer des autres utilisateurs. Cela nous aide \u00e0 vous offrir une bonne exp\u00e9rience lorsque vous naviguez sur notre site web et nous permet d&rsquo;am\u00e9liorer nos sites web. <\/p>\n<p><strong>Ocean International Reinsurance Company Limited<\/strong><\/p>\n<p>Ce site web utilise des cookies et des technologies similaires pour assurer un bon fonctionnement et pour comprendre comment le site est utilis\u00e9.<\/p>\n<p><strong>Que sont les cookies ?<\/strong><\/p>\n<p>Les cookies sont de petits fichiers texte plac\u00e9s sur votre appareil lorsque vous visitez un site web. Ils aident les sites web \u00e0 fonctionner efficacement et fournissent des informations aux op\u00e9rateurs de site. <\/p>\n<p><strong>Cookies que nous utilisons<\/strong><\/p>\n<p>Ce site web peut utiliser les cat\u00e9gories de cookies suivantes :<\/p>\n<p><strong>Cookies strictement n\u00e9cessaires<\/strong><\/p>\n<p>N\u00e9cessaires au fonctionnement et \u00e0 la s\u00e9curit\u00e9 du site web. Ces cookies ne peuvent pas \u00eatre d\u00e9sactiv\u00e9s. <\/p>\n<p><strong>Cookies analytiques<\/strong><\/p>\n<p>Utilis\u00e9s pour comprendre l&rsquo;utilisation du site web et am\u00e9liorer les performances. Ces cookies ne sont d\u00e9ploy\u00e9s que lorsque le consentement est donn\u00e9, lorsque la loi l&rsquo;exige. <\/p>\n<p>Aucun cookie de publicit\u00e9 ou de profilage n&rsquo;est utilis\u00e9.<\/p>\n<p><strong>Gestion des cookies<\/strong><\/p>\n<p>Lorsque la loi l&rsquo;exige, les cookies non essentiels ne sont utilis\u00e9s qu&rsquo;apr\u00e8s avoir obtenu un consentement. Les utilisateurs peuvent retirer leur consentement ou g\u00e9rer leurs pr\u00e9f\u00e9rences en mati\u00e8re de cookies \u00e0 tout moment gr\u00e2ce aux outils de gestion des cookies du site web ou aux param\u00e8tres du navigateur. <\/p>\n<p><strong>Cookies tiers<\/strong><\/p>\n<p>Certains cookies peuvent \u00eatre d\u00e9finis par des fournisseurs de services tiers de confiance, tels que les plateformes d&rsquo;analyse. Ces fournisseurs sont tenus de se conformer aux normes de protection des donn\u00e9es applicables. <\/p>\n<p><strong>Mises \u00e0 jour<\/strong><\/p>\n<p>La pr\u00e9sente politique en mati\u00e8re de cookies peut \u00eatre mise \u00e0 jour p\u00e9riodiquement afin de tenir compte des modifications r\u00e9glementaires ou op\u00e9rationnelles.<\/p>\n<p>&nbsp;<\/p>\n","protected":false},"excerpt":{"rendered":"<p>Nos sites web utilisent des cookies pour vous distinguer des autres utilisateurs. Cela nous aide \u00e0 vous offrir une bonne exp\u00e9rience lorsque vous naviguez sur notre site web et nous permet d&rsquo;am\u00e9liorer nos sites web. Ocean International Reinsurance Company Limited&#8230; <a class=\"view-article\" href=\"https:\/\/www.ocean-re.com\/fr\/politique-en-matiere-de-cookies\/\">Read more<\/a><\/p>\n","protected":false},"author":1,"featured_media":0,"parent":0,"menu_order":99998,"comment_status":"closed","ping_status":"closed","template":"","meta":{"_acf_changed":false,"footnotes":""},"class_list":["post-1683","page","type-page","status-publish","hentry"],"acf":[],"yoast_head":"<!-- This site is optimized with the Yoast SEO plugin v27.4 - https:\/\/yoast.com\/product\/yoast-seo-wordpress\/ -->\n<title>Politique en mati\u00e8re de cookies - Ocean RE<\/title>\n<meta name=\"robots\" content=\"index, follow, max-snippet:-1, max-image-preview:large, max-video-preview:-1\" \/>\n<link rel=\"canonical\" href=\"https:\/\/www.ocean-re.com\/fr\/politique-en-matiere-de-cookies\/\" \/>\n<meta property=\"og:locale\" content=\"fr_FR\" \/>\n<meta property=\"og:type\" content=\"article\" \/>\n<meta property=\"og:title\" content=\"Politique en mati\u00e8re de cookies - Ocean RE\" \/>\n<meta property=\"og:description\" content=\"Nos sites web utilisent des cookies pour vous distinguer des autres utilisateurs. Cela nous aide \u00e0 vous offrir une bonne exp\u00e9rience lorsque vous naviguez sur notre site web et nous permet d&rsquo;am\u00e9liorer nos sites web. Ocean International Reinsurance Company Limited... Read more\" \/>\n<meta property=\"og:url\" content=\"https:\/\/www.ocean-re.com\/fr\/politique-en-matiere-de-cookies\/\" \/>\n<meta property=\"og:site_name\" content=\"Ocean RE\" \/>\n<meta property=\"article:modified_time\" content=\"2026-02-16T12:07:28+00:00\" \/>\n<meta name=\"twitter:card\" content=\"summary_large_image\" \/>\n<meta name=\"twitter:label1\" content=\"Dur\u00e9e de lecture estim\u00e9e\" \/>\n\t<meta name=\"twitter:data1\" content=\"2 minutes\" \/>\n<script type=\"application\/ld+json\" class=\"yoast-schema-graph\">{\"@context\":\"https:\\\/\\\/schema.org\",\"@graph\":[{\"@type\":\"WebPage\",\"@id\":\"https:\\\/\\\/www.ocean-re.com\\\/fr\\\/politique-en-matiere-de-cookies\\\/\",\"url\":\"https:\\\/\\\/www.ocean-re.com\\\/fr\\\/politique-en-matiere-de-cookies\\\/\",\"name\":\"Politique en mati\u00e8re de cookies - Ocean RE\",\"isPartOf\":{\"@id\":\"https:\\\/\\\/www.ocean-re.com\\\/fr\\\/#website\"},\"datePublished\":\"2026-01-18T21:53:41+00:00\",\"dateModified\":\"2026-02-16T12:07:28+00:00\",\"breadcrumb\":{\"@id\":\"https:\\\/\\\/www.ocean-re.com\\\/fr\\\/politique-en-matiere-de-cookies\\\/#breadcrumb\"},\"inLanguage\":\"fr-FR\",\"potentialAction\":[{\"@type\":\"ReadAction\",\"target\":[\"https:\\\/\\\/www.ocean-re.com\\\/fr\\\/politique-en-matiere-de-cookies\\\/\"]}]},{\"@type\":\"BreadcrumbList\",\"@id\":\"https:\\\/\\\/www.ocean-re.com\\\/fr\\\/politique-en-matiere-de-cookies\\\/#breadcrumb\",\"itemListElement\":[{\"@type\":\"ListItem\",\"position\":1,\"name\":\"Home\",\"item\":\"https:\\\/\\\/www.ocean-re.com\\\/fr\\\/\"},{\"@type\":\"ListItem\",\"position\":2,\"name\":\"Politique en mati\u00e8re de cookies\"}]},{\"@type\":\"WebSite\",\"@id\":\"https:\\\/\\\/www.ocean-re.com\\\/fr\\\/#website\",\"url\":\"https:\\\/\\\/www.ocean-re.com\\\/fr\\\/\",\"name\":\"Ocean RE\",\"description\":\"\",\"potentialAction\":[{\"@type\":\"SearchAction\",\"target\":{\"@type\":\"EntryPoint\",\"urlTemplate\":\"https:\\\/\\\/www.ocean-re.com\\\/fr\\\/?s={search_term_string}\"},\"query-input\":{\"@type\":\"PropertyValueSpecification\",\"valueRequired\":true,\"valueName\":\"search_term_string\"}}],\"inLanguage\":\"fr-FR\"}]}<\/script>\n<!-- \/ Yoast SEO plugin. -->","yoast_head_json":{"title":"Politique en mati\u00e8re de cookies - Ocean RE","robots":{"index":"index","follow":"follow","max-snippet":"max-snippet:-1","max-image-preview":"max-image-preview:large","max-video-preview":"max-video-preview:-1"},"canonical":"https:\/\/www.ocean-re.com\/fr\/politique-en-matiere-de-cookies\/","og_locale":"fr_FR","og_type":"article","og_title":"Politique en mati\u00e8re de cookies - Ocean RE","og_description":"Nos sites web utilisent des cookies pour vous distinguer des autres utilisateurs. Cela nous aide \u00e0 vous offrir une bonne exp\u00e9rience lorsque vous naviguez sur notre site web et nous permet d&rsquo;am\u00e9liorer nos sites web. Ocean International Reinsurance Company Limited... Read more","og_url":"https:\/\/www.ocean-re.com\/fr\/politique-en-matiere-de-cookies\/","og_site_name":"Ocean RE","article_modified_time":"2026-02-16T12:07:28+00:00","twitter_card":"summary_large_image","twitter_misc":{"Dur\u00e9e de lecture estim\u00e9e":"2 minutes"},"schema":{"@context":"https:\/\/schema.org","@graph":[{"@type":"WebPage","@id":"https:\/\/www.ocean-re.com\/fr\/politique-en-matiere-de-cookies\/","url":"https:\/\/www.ocean-re.com\/fr\/politique-en-matiere-de-cookies\/","name":"Politique en mati\u00e8re de cookies - Ocean RE","isPartOf":{"@id":"https:\/\/www.ocean-re.com\/fr\/#website"},"datePublished":"2026-01-18T21:53:41+00:00","dateModified":"2026-02-16T12:07:28+00:00","breadcrumb":{"@id":"https:\/\/www.ocean-re.com\/fr\/politique-en-matiere-de-cookies\/#breadcrumb"},"inLanguage":"fr-FR","potentialAction":[{"@type":"ReadAction","target":["https:\/\/www.ocean-re.com\/fr\/politique-en-matiere-de-cookies\/"]}]},{"@type":"BreadcrumbList","@id":"https:\/\/www.ocean-re.com\/fr\/politique-en-matiere-de-cookies\/#breadcrumb","itemListElement":[{"@type":"ListItem","position":1,"name":"Home","item":"https:\/\/www.ocean-re.com\/fr\/"},{"@type":"ListItem","position":2,"name":"Politique en mati\u00e8re de cookies"}]},{"@type":"WebSite","@id":"https:\/\/www.ocean-re.com\/fr\/#website","url":"https:\/\/www.ocean-re.com\/fr\/","name":"Ocean RE","description":"","potentialAction":[{"@type":"SearchAction","target":{"@type":"EntryPoint","urlTemplate":"https:\/\/www.ocean-re.com\/fr\/?s={search_term_string}"},"query-input":{"@type":"PropertyValueSpecification","valueRequired":true,"valueName":"search_term_string"}}],"inLanguage":"fr-FR"}]}},"_links":{"self":[{"href":"https:\/\/www.ocean-re.com\/fr\/wp-json\/wp\/v2\/pages\/1683","targetHints":{"allow":["GET"]}}],"collection":[{"href":"https:\/\/www.ocean-re.com\/fr\/wp-json\/wp\/v2\/pages"}],"about":[{"href":"https:\/\/www.ocean-re.com\/fr\/wp-json\/wp\/v2\/types\/page"}],"author":[{"embeddable":true,"href":"https:\/\/www.ocean-re.com\/fr\/wp-json\/wp\/v2\/users\/1"}],"replies":[{"embeddable":true,"href":"https:\/\/www.ocean-re.com\/fr\/wp-json\/wp\/v2\/comments?post=1683"}],"version-history":[{"count":1,"href":"https:\/\/www.ocean-re.com\/fr\/wp-json\/wp\/v2\/pages\/1683\/revisions"}],"predecessor-version":[{"id":2058,"href":"https:\/\/www.ocean-re.com\/fr\/wp-json\/wp\/v2\/pages\/1683\/revisions\/2058"}],"wp:attachment":[{"href":"https:\/\/www.ocean-re.com\/fr\/wp-json\/wp\/v2\/media?parent=1683"}],"curies":[{"name":"wp","href":"https:\/\/api.w.org\/{rel}","templated":true}]}}