{"id":1687,"date":"2026-01-21T19:01:51","date_gmt":"2026-01-21T19:01:51","guid":{"rendered":"https:\/\/ocean-re.web1-webheads.temporarywebsiteaddress.com\/notre-entreprise\/"},"modified":"2026-03-03T15:52:39","modified_gmt":"2026-03-03T15:52:39","slug":"notre-entreprise","status":"publish","type":"page","link":"https:\/\/www.ocean-re.com\/fr\/notre-entreprise\/","title":{"rendered":"Notre entreprise"},"content":{"rendered":"","protected":false},"excerpt":{"rendered":"","protected":false},"author":1,"featured_media":1879,"parent":0,"menu_order":1,"comment_status":"closed","ping_status":"closed","template":"template-builder.php","meta":{"_acf_changed":false,"footnotes":""},"class_list":["post-1687","page","type-page","status-publish","has-post-thumbnail","hentry"],"acf":[],"yoast_head":"<!-- This site is optimized with the Yoast SEO plugin v27.4 - https:\/\/yoast.com\/product\/yoast-seo-wordpress\/ -->\n<title>Notre entreprise - Ocean RE<\/title>\n<meta name=\"robots\" content=\"index, follow, max-snippet:-1, max-image-preview:large, max-video-preview:-1\" \/>\n<link rel=\"canonical\" href=\"https:\/\/www.ocean-re.com\/fr\/notre-entreprise\/\" \/>\n<meta property=\"og:locale\" content=\"fr_FR\" \/>\n<meta property=\"og:type\" content=\"article\" \/>\n<meta property=\"og:title\" content=\"Notre entreprise - Ocean RE\" \/>\n<meta property=\"og:url\" content=\"https:\/\/www.ocean-re.com\/fr\/notre-entreprise\/\" \/>\n<meta property=\"og:site_name\" content=\"Ocean RE\" \/>\n<meta property=\"article:modified_time\" content=\"2026-03-03T15:52:39+00:00\" \/>\n<meta property=\"og:image\" content=\"https:\/\/www.ocean-re.com\/wp-content\/uploads\/banner-business.jpg\" \/>\n\t<meta property=\"og:image:width\" content=\"1920\" \/>\n\t<meta property=\"og:image:height\" content=\"945\" \/>\n\t<meta property=\"og:image:type\" content=\"image\/jpeg\" \/>\n<meta name=\"twitter:card\" content=\"summary_large_image\" \/>\n<meta name=\"twitter:label1\" content=\"Dur\u00e9e de lecture estim\u00e9e\" \/>\n\t<meta name=\"twitter:data1\" content=\"8 minutes\" \/>\n<script type=\"application\/ld+json\" class=\"yoast-schema-graph\">{\"@context\":\"https:\\\/\\\/schema.org\",\"@graph\":[{\"@type\":\"WebPage\",\"@id\":\"https:\\\/\\\/www.ocean-re.com\\\/fr\\\/notre-entreprise\\\/\",\"url\":\"https:\\\/\\\/www.ocean-re.com\\\/fr\\\/notre-entreprise\\\/\",\"name\":\"Notre entreprise - Ocean RE\",\"isPartOf\":{\"@id\":\"https:\\\/\\\/www.ocean-re.com\\\/fr\\\/#website\"},\"primaryImageOfPage\":{\"@id\":\"https:\\\/\\\/www.ocean-re.com\\\/fr\\\/notre-entreprise\\\/#primaryimage\"},\"image\":{\"@id\":\"https:\\\/\\\/www.ocean-re.com\\\/fr\\\/notre-entreprise\\\/#primaryimage\"},\"thumbnailUrl\":\"https:\\\/\\\/www.ocean-re.com\\\/wp-content\\\/uploads\\\/banner-business.jpg\",\"datePublished\":\"2026-01-21T19:01:51+00:00\",\"dateModified\":\"2026-03-03T15:52:39+00:00\",\"breadcrumb\":{\"@id\":\"https:\\\/\\\/www.ocean-re.com\\\/fr\\\/notre-entreprise\\\/#breadcrumb\"},\"inLanguage\":\"fr-FR\",\"potentialAction\":[{\"@type\":\"ReadAction\",\"target\":[\"https:\\\/\\\/www.ocean-re.com\\\/fr\\\/notre-entreprise\\\/\"]}]},{\"@type\":\"ImageObject\",\"inLanguage\":\"fr-FR\",\"@id\":\"https:\\\/\\\/www.ocean-re.com\\\/fr\\\/notre-entreprise\\\/#primaryimage\",\"url\":\"https:\\\/\\\/www.ocean-re.com\\\/wp-content\\\/uploads\\\/banner-business.jpg\",\"contentUrl\":\"https:\\\/\\\/www.ocean-re.com\\\/wp-content\\\/uploads\\\/banner-business.jpg\",\"width\":1920,\"height\":945,\"caption\":\"Deux hommes d'affaires multinationaux concentr\u00e9s travaillant ensemble \u00e0 une table, pointant l'\u00e9cran d'un ordinateur portable, discutant ou expliquant la strat\u00e9gie \u00e0 un client ou \u00e0 un coll\u00e8gue, analysant des graphiques financiers, planifiant les prochaines \u00e9tapes\"},{\"@type\":\"BreadcrumbList\",\"@id\":\"https:\\\/\\\/www.ocean-re.com\\\/fr\\\/notre-entreprise\\\/#breadcrumb\",\"itemListElement\":[{\"@type\":\"ListItem\",\"position\":1,\"name\":\"Home\",\"item\":\"https:\\\/\\\/www.ocean-re.com\\\/fr\\\/\"},{\"@type\":\"ListItem\",\"position\":2,\"name\":\"Notre entreprise\"}]},{\"@type\":\"WebSite\",\"@id\":\"https:\\\/\\\/www.ocean-re.com\\\/fr\\\/#website\",\"url\":\"https:\\\/\\\/www.ocean-re.com\\\/fr\\\/\",\"name\":\"Ocean RE\",\"description\":\"\",\"potentialAction\":[{\"@type\":\"SearchAction\",\"target\":{\"@type\":\"EntryPoint\",\"urlTemplate\":\"https:\\\/\\\/www.ocean-re.com\\\/fr\\\/?s={search_term_string}\"},\"query-input\":{\"@type\":\"PropertyValueSpecification\",\"valueRequired\":true,\"valueName\":\"search_term_string\"}}],\"inLanguage\":\"fr-FR\"}]}<\/script>\n<!-- \/ Yoast SEO plugin. -->","yoast_head_json":{"title":"Notre entreprise - Ocean RE","robots":{"index":"index","follow":"follow","max-snippet":"max-snippet:-1","max-image-preview":"max-image-preview:large","max-video-preview":"max-video-preview:-1"},"canonical":"https:\/\/www.ocean-re.com\/fr\/notre-entreprise\/","og_locale":"fr_FR","og_type":"article","og_title":"Notre entreprise - Ocean RE","og_url":"https:\/\/www.ocean-re.com\/fr\/notre-entreprise\/","og_site_name":"Ocean RE","article_modified_time":"2026-03-03T15:52:39+00:00","og_image":[{"width":1920,"height":945,"url":"https:\/\/www.ocean-re.com\/wp-content\/uploads\/banner-business.jpg","type":"image\/jpeg"}],"twitter_card":"summary_large_image","twitter_misc":{"Dur\u00e9e de lecture estim\u00e9e":"8 minutes"},"schema":{"@context":"https:\/\/schema.org","@graph":[{"@type":"WebPage","@id":"https:\/\/www.ocean-re.com\/fr\/notre-entreprise\/","url":"https:\/\/www.ocean-re.com\/fr\/notre-entreprise\/","name":"Notre entreprise - Ocean RE","isPartOf":{"@id":"https:\/\/www.ocean-re.com\/fr\/#website"},"primaryImageOfPage":{"@id":"https:\/\/www.ocean-re.com\/fr\/notre-entreprise\/#primaryimage"},"image":{"@id":"https:\/\/www.ocean-re.com\/fr\/notre-entreprise\/#primaryimage"},"thumbnailUrl":"https:\/\/www.ocean-re.com\/wp-content\/uploads\/banner-business.jpg","datePublished":"2026-01-21T19:01:51+00:00","dateModified":"2026-03-03T15:52:39+00:00","breadcrumb":{"@id":"https:\/\/www.ocean-re.com\/fr\/notre-entreprise\/#breadcrumb"},"inLanguage":"fr-FR","potentialAction":[{"@type":"ReadAction","target":["https:\/\/www.ocean-re.com\/fr\/notre-entreprise\/"]}]},{"@type":"ImageObject","inLanguage":"fr-FR","@id":"https:\/\/www.ocean-re.com\/fr\/notre-entreprise\/#primaryimage","url":"https:\/\/www.ocean-re.com\/wp-content\/uploads\/banner-business.jpg","contentUrl":"https:\/\/www.ocean-re.com\/wp-content\/uploads\/banner-business.jpg","width":1920,"height":945,"caption":"Deux hommes d'affaires multinationaux concentr\u00e9s travaillant ensemble \u00e0 une table, pointant l'\u00e9cran d'un ordinateur portable, discutant ou expliquant la strat\u00e9gie \u00e0 un client ou \u00e0 un coll\u00e8gue, analysant des graphiques financiers, planifiant les prochaines \u00e9tapes"},{"@type":"BreadcrumbList","@id":"https:\/\/www.ocean-re.com\/fr\/notre-entreprise\/#breadcrumb","itemListElement":[{"@type":"ListItem","position":1,"name":"Home","item":"https:\/\/www.ocean-re.com\/fr\/"},{"@type":"ListItem","position":2,"name":"Notre entreprise"}]},{"@type":"WebSite","@id":"https:\/\/www.ocean-re.com\/fr\/#website","url":"https:\/\/www.ocean-re.com\/fr\/","name":"Ocean RE","description":"","potentialAction":[{"@type":"SearchAction","target":{"@type":"EntryPoint","urlTemplate":"https:\/\/www.ocean-re.com\/fr\/?s={search_term_string}"},"query-input":{"@type":"PropertyValueSpecification","valueRequired":true,"valueName":"search_term_string"}}],"inLanguage":"fr-FR"}]}},"_links":{"self":[{"href":"https:\/\/www.ocean-re.com\/fr\/wp-json\/wp\/v2\/pages\/1687","targetHints":{"allow":["GET"]}}],"collection":[{"href":"https:\/\/www.ocean-re.com\/fr\/wp-json\/wp\/v2\/pages"}],"about":[{"href":"https:\/\/www.ocean-re.com\/fr\/wp-json\/wp\/v2\/types\/page"}],"author":[{"embeddable":true,"href":"https:\/\/www.ocean-re.com\/fr\/wp-json\/wp\/v2\/users\/1"}],"replies":[{"embeddable":true,"href":"https:\/\/www.ocean-re.com\/fr\/wp-json\/wp\/v2\/comments?post=1687"}],"version-history":[{"count":2,"href":"https:\/\/www.ocean-re.com\/fr\/wp-json\/wp\/v2\/pages\/1687\/revisions"}],"predecessor-version":[{"id":2173,"href":"https:\/\/www.ocean-re.com\/fr\/wp-json\/wp\/v2\/pages\/1687\/revisions\/2173"}],"wp:featuredmedia":[{"embeddable":true,"href":"https:\/\/www.ocean-re.com\/fr\/wp-json\/wp\/v2\/media\/1879"}],"wp:attachment":[{"href":"https:\/\/www.ocean-re.com\/fr\/wp-json\/wp\/v2\/media?parent=1687"}],"curies":[{"name":"wp","href":"https:\/\/api.w.org\/{rel}","templated":true}]}}